{"id":2051,"date":"2025-07-17T17:06:43","date_gmt":"2025-07-17T20:06:43","guid":{"rendered":"https:\/\/innovar.com.br\/?page_id=2051"},"modified":"2025-07-27T21:43:16","modified_gmt":"2025-07-28T00:43:16","slug":"micropro","status":"publish","type":"page","link":"https:\/\/innovar.com.br\/en\/micropro\/","title":{"rendered":"MicroPro"},"content":{"rendered":"<div data-elementor-type=\"wp-page\" data-elementor-id=\"2051\" class=\"elementor elementor-2051\">\n\t\t\t\t<div class=\"elementor-element elementor-element-9f00f09 e-flex e-con-boxed e-con e-parent\" data-id=\"9f00f09\" data-element_type=\"container\" data-e-type=\"container\" data-settings=\"{&quot;background_background&quot;:&quot;classic&quot;}\">\n\t\t\t\t\t<div class=\"e-con-inner\">\n\t\t\t\t<div class=\"elementor-element elementor-element-e7f7527 elementor-widget elementor-widget-heading\" data-id=\"e7f7527\" data-element_type=\"widget\" data-e-type=\"widget\" data-widget_type=\"heading.default\">\n\t\t\t\t<div class=\"elementor-widget-container\">\n\t\t\t\t\t<h2 class=\"elementor-heading-title elementor-size-default\">HIGH-PERFORMANCE BIOLOGICAL REAGENTS FOR THE PRODUCTION OF BIO-INPUTS<\/h2>\t\t\t\t<\/div>\n\t\t\t\t<\/div>\n\t\t\t\t\t<\/div>\n\t\t\t\t<\/div>\n\t\t<div class=\"elementor-element elementor-element-3a3e794 e-flex e-con-boxed e-con e-parent\" data-id=\"3a3e794\" data-element_type=\"container\" data-e-type=\"container\">\n\t\t\t\t\t<div class=\"e-con-inner\">\n\t\t\t\t<div class=\"elementor-element elementor-element-4aa66a0 elementor-widget elementor-widget-text-editor\" data-id=\"4aa66a0\" data-element_type=\"widget\" data-e-type=\"widget\" data-widget_type=\"text-editor.default\">\n\t\t\t\t<div class=\"elementor-widget-container\">\n\t\t\t\t\t\t\t\t\t<h2 style=\"text-transform: none\">We are Agro for Agro<\/h2>\n<strong>MICROPRO Solutions offer technology, assistance and an innovative concept closer to your customers and partners.<\/strong>\n\n<strong>Our team is fully trained, with experience in the entire bio-input chain.<\/strong>\n\n<strong>We maintain partnerships with public and private researchers, and with companies that share the same business vision in Brazil and abroad.<\/strong>\t\t\t\t\t\t\t\t<\/div>\n\t\t\t\t<\/div>\n\t\t\t\t\t<\/div>\n\t\t\t\t<\/div>\n\t\t<div class=\"elementor-element elementor-element-3f94782 e-flex e-con-boxed e-con e-parent\" data-id=\"3f94782\" data-element_type=\"container\" data-e-type=\"container\">\n\t\t\t\t\t<div class=\"e-con-inner\">\n\t\t<div class=\"elementor-element elementor-element-599fae8 e-con-full e-flex e-con e-child\" data-id=\"599fae8\" data-element_type=\"container\" data-e-type=\"container\" data-settings=\"{&quot;background_background&quot;:&quot;classic&quot;}\">\n\t\t\t\t<\/div>\n\t\t<div class=\"elementor-element elementor-element-9ac44bf e-con-full e-flex e-con e-child\" data-id=\"9ac44bf\" data-element_type=\"container\" data-e-type=\"container\">\n\t\t\t\t<div class=\"elementor-element elementor-element-d5b24de elementor-widget elementor-widget-text-editor\" data-id=\"d5b24de\" data-element_type=\"widget\" data-e-type=\"widget\" data-widget_type=\"text-editor.default\">\n\t\t\t\t<div class=\"elementor-widget-container\">\n\t\t\t\t\t\t\t\t\t<h2 style=\"text-transform: none\">Our proposal<\/h2>\n<strong>Raising biosafety and quality for the Development and Production of Bioinputs for Own Use - On Farm - in Agribusiness.<\/strong>\n\n<strong>Establish a unified partnership with Agronomic Assistance + Bioprocess for gradual reduction or consortium with chemical management, nutrition and defense against pests and diseases. Promote the transfer of know-how for biotechnological processes and the supply of high-performance reagents, made from high-quality raw materials; certified to \u201cGA\u201d grade, balanced according to<\/strong>\n<strong>with the producer's management needs and agents.<\/strong>\t\t\t\t\t\t\t\t<\/div>\n\t\t\t\t<\/div>\n\t\t\t\t<\/div>\n\t\t\t\t\t<\/div>\n\t\t\t\t<\/div>\n\t\t<div class=\"elementor-element elementor-element-71d12e9 e-flex e-con-boxed e-con e-parent\" data-id=\"71d12e9\" data-element_type=\"container\" data-e-type=\"container\">\n\t\t\t\t\t<div class=\"e-con-inner\">\n\t\t\t\t<div class=\"elementor-element elementor-element-ae19c83 elementor-widget elementor-widget-text-editor\" data-id=\"ae19c83\" data-element_type=\"widget\" data-e-type=\"widget\" data-widget_type=\"text-editor.default\">\n\t\t\t\t<div class=\"elementor-widget-container\">\n\t\t\t\t\t\t\t\t\t<h2 style=\"text-transform: none\">Liquid culture media<\/h2>\n\u00b7 <strong>Greater solubility<\/strong>\n<strong>- Radiation-free sterilization<\/strong>\n<strong>- Greater dosage optimization<\/strong>\n<strong>- Less risk of contamination during handling<\/strong>\n\nHighly technical culture media, made with a balanced formulation and the right carbon and nitrogen ratio, with a focus on exponential cell growth.\ngrowth. Its formulation has great advantages: its carbon sources directly influence the synthesis of various metabolites of interest, biosurfactants, antibiotics and enzyme complexes.\n\nLikewise, its organic nitrogen sources act directly on the growth performance of the fermentative biomass.\t\t\t\t\t\t\t\t<\/div>\n\t\t\t\t<\/div>\n\t\t\t\t\t<\/div>\n\t\t\t\t<\/div>\n\t\t<div class=\"elementor-element elementor-element-d233646 e-flex e-con-boxed e-con e-parent\" data-id=\"d233646\" data-element_type=\"container\" data-e-type=\"container\">\n\t\t\t\t\t<div class=\"e-con-inner\">\n\t\t<div class=\"elementor-element elementor-element-daa85c4 e-con-full e-flex e-con e-child\" data-id=\"daa85c4\" data-element_type=\"container\" data-e-type=\"container\">\n\t\t\t\t<div class=\"elementor-element elementor-element-5d2f6f3 elementor-widget elementor-widget-image\" data-id=\"5d2f6f3\" data-element_type=\"widget\" data-e-type=\"widget\" data-widget_type=\"image.default\">\n\t\t\t\t<div class=\"elementor-widget-container\">\n\t\t\t\t\t\t\t\t\t\t\t\t\t\t\t<img fetchpriority=\"high\" decoding=\"async\" width=\"768\" height=\"930\" src=\"https:\/\/innovar.com.br\/wp-content\/uploads\/2025\/07\/Balde-MicroPro-100-18L-768x930.webp\" class=\"attachment-medium_large size-medium_large wp-image-2732\" alt=\"MicroPro 100 bucket (18L)\" srcset=\"https:\/\/innovar.com.br\/wp-content\/uploads\/2025\/07\/Balde-MicroPro-100-18L-768x930.webp 768w, https:\/\/innovar.com.br\/wp-content\/uploads\/2025\/07\/Balde-MicroPro-100-18L-248x300.webp 248w, https:\/\/innovar.com.br\/wp-content\/uploads\/2025\/07\/Balde-MicroPro-100-18L-846x1024.webp 846w, https:\/\/innovar.com.br\/wp-content\/uploads\/2025\/07\/Balde-MicroPro-100-18L-1269x1536.webp 1269w, https:\/\/innovar.com.br\/wp-content\/uploads\/2025\/07\/Balde-MicroPro-100-18L-10x12.webp 10w, https:\/\/innovar.com.br\/wp-content\/uploads\/2025\/07\/Balde-MicroPro-100-18L.webp 1385w\" sizes=\"(max-width: 768px) 100vw, 768px\" \/>\t\t\t\t\t\t\t\t\t\t\t\t\t\t\t<\/div>\n\t\t\t\t<\/div>\n\t\t\t\t<div class=\"elementor-element elementor-element-f95ae0e elementor-widget elementor-widget-text-editor\" data-id=\"f95ae0e\" data-element_type=\"widget\" data-e-type=\"widget\" data-widget_type=\"text-editor.default\">\n\t\t\t\t<div class=\"elementor-widget-container\">\n\t\t\t\t\t\t\t\t\t<p><strong>Gram-Positive Bacteria<\/strong><\/p>\t\t\t\t\t\t\t\t<\/div>\n\t\t\t\t<\/div>\n\t\t\t\t<\/div>\n\t\t<div class=\"elementor-element elementor-element-13ae043 e-con-full e-flex e-con e-child\" data-id=\"13ae043\" data-element_type=\"container\" data-e-type=\"container\">\n\t\t\t\t<div class=\"elementor-element elementor-element-8565bd7 elementor-widget elementor-widget-image\" data-id=\"8565bd7\" data-element_type=\"widget\" data-e-type=\"widget\" data-widget_type=\"image.default\">\n\t\t\t\t<div class=\"elementor-widget-container\">\n\t\t\t\t\t\t\t\t\t\t\t\t\t\t\t<img decoding=\"async\" width=\"768\" height=\"930\" src=\"https:\/\/innovar.com.br\/wp-content\/uploads\/2025\/07\/Balde-MicroPro-200-18L-768x930.webp\" class=\"attachment-medium_large size-medium_large wp-image-2740\" alt=\"MicroPro 200 bucket (18L)\" srcset=\"https:\/\/innovar.com.br\/wp-content\/uploads\/2025\/07\/Balde-MicroPro-200-18L-768x930.webp 768w, https:\/\/innovar.com.br\/wp-content\/uploads\/2025\/07\/Balde-MicroPro-200-18L-248x300.webp 248w, https:\/\/innovar.com.br\/wp-content\/uploads\/2025\/07\/Balde-MicroPro-200-18L-846x1024.webp 846w, https:\/\/innovar.com.br\/wp-content\/uploads\/2025\/07\/Balde-MicroPro-200-18L-1269x1536.webp 1269w, https:\/\/innovar.com.br\/wp-content\/uploads\/2025\/07\/Balde-MicroPro-200-18L-10x12.webp 10w, https:\/\/innovar.com.br\/wp-content\/uploads\/2025\/07\/Balde-MicroPro-200-18L.webp 1385w\" sizes=\"(max-width: 768px) 100vw, 768px\" \/>\t\t\t\t\t\t\t\t\t\t\t\t\t\t\t<\/div>\n\t\t\t\t<\/div>\n\t\t\t\t<div class=\"elementor-element elementor-element-61d86a4 elementor-widget elementor-widget-text-editor\" data-id=\"61d86a4\" data-element_type=\"widget\" data-e-type=\"widget\" data-widget_type=\"text-editor.default\">\n\t\t\t\t<div class=\"elementor-widget-container\">\n\t\t\t\t\t\t\t\t\t<p><strong>BNF - Gram-Negative Bacteria<\/strong><\/p>\t\t\t\t\t\t\t\t<\/div>\n\t\t\t\t<\/div>\n\t\t\t\t<\/div>\n\t\t<div class=\"elementor-element elementor-element-5e16052 e-con-full e-flex e-con e-child\" data-id=\"5e16052\" data-element_type=\"container\" data-e-type=\"container\">\n\t\t\t\t<div class=\"elementor-element elementor-element-b7ac8cb elementor-widget elementor-widget-image\" data-id=\"b7ac8cb\" data-element_type=\"widget\" data-e-type=\"widget\" data-widget_type=\"image.default\">\n\t\t\t\t<div class=\"elementor-widget-container\">\n\t\t\t\t\t\t\t\t\t\t\t\t\t\t\t<img decoding=\"async\" width=\"768\" height=\"930\" src=\"https:\/\/innovar.com.br\/wp-content\/uploads\/2025\/07\/Balde-MicroPro-500-18L-768x930.webp\" class=\"attachment-medium_large size-medium_large wp-image-2741\" alt=\"MicroPro 500 bucket (18L)\" srcset=\"https:\/\/innovar.com.br\/wp-content\/uploads\/2025\/07\/Balde-MicroPro-500-18L-768x930.webp 768w, https:\/\/innovar.com.br\/wp-content\/uploads\/2025\/07\/Balde-MicroPro-500-18L-248x300.webp 248w, https:\/\/innovar.com.br\/wp-content\/uploads\/2025\/07\/Balde-MicroPro-500-18L-846x1024.webp 846w, https:\/\/innovar.com.br\/wp-content\/uploads\/2025\/07\/Balde-MicroPro-500-18L-1269x1536.webp 1269w, https:\/\/innovar.com.br\/wp-content\/uploads\/2025\/07\/Balde-MicroPro-500-18L-10x12.webp 10w, https:\/\/innovar.com.br\/wp-content\/uploads\/2025\/07\/Balde-MicroPro-500-18L.webp 1385w\" sizes=\"(max-width: 768px) 100vw, 768px\" \/>\t\t\t\t\t\t\t\t\t\t\t\t\t\t\t<\/div>\n\t\t\t\t<\/div>\n\t\t\t\t<div class=\"elementor-element elementor-element-7a07e48 elementor-widget elementor-widget-text-editor\" data-id=\"7a07e48\" data-element_type=\"widget\" data-e-type=\"widget\" data-widget_type=\"text-editor.default\">\n\t\t\t\t<div class=\"elementor-widget-container\">\n\t\t\t\t\t\t\t\t\t<p><strong>Specific Bacteria<\/strong><\/p>\t\t\t\t\t\t\t\t<\/div>\n\t\t\t\t<\/div>\n\t\t\t\t<\/div>\n\t\t<div class=\"elementor-element elementor-element-50e6d23 e-con-full e-flex e-con e-child\" data-id=\"50e6d23\" data-element_type=\"container\" data-e-type=\"container\">\n\t\t\t\t<div class=\"elementor-element elementor-element-3175428 elementor-widget elementor-widget-image\" data-id=\"3175428\" data-element_type=\"widget\" data-e-type=\"widget\" data-widget_type=\"image.default\">\n\t\t\t\t<div class=\"elementor-widget-container\">\n\t\t\t\t\t\t\t\t\t\t\t\t\t\t\t<img loading=\"lazy\" decoding=\"async\" width=\"768\" height=\"930\" src=\"https:\/\/innovar.com.br\/wp-content\/uploads\/2025\/07\/Balde-MicroPro-600-18L-768x930.webp\" class=\"attachment-medium_large size-medium_large wp-image-2739\" alt=\"MicroPro 600 bucket (18L)\" srcset=\"https:\/\/innovar.com.br\/wp-content\/uploads\/2025\/07\/Balde-MicroPro-600-18L-768x930.webp 768w, https:\/\/innovar.com.br\/wp-content\/uploads\/2025\/07\/Balde-MicroPro-600-18L-248x300.webp 248w, https:\/\/innovar.com.br\/wp-content\/uploads\/2025\/07\/Balde-MicroPro-600-18L-846x1024.webp 846w, https:\/\/innovar.com.br\/wp-content\/uploads\/2025\/07\/Balde-MicroPro-600-18L-1269x1536.webp 1269w, https:\/\/innovar.com.br\/wp-content\/uploads\/2025\/07\/Balde-MicroPro-600-18L-10x12.webp 10w, https:\/\/innovar.com.br\/wp-content\/uploads\/2025\/07\/Balde-MicroPro-600-18L.webp 1385w\" sizes=\"(max-width: 768px) 100vw, 768px\" \/>\t\t\t\t\t\t\t\t\t\t\t\t\t\t\t<\/div>\n\t\t\t\t<\/div>\n\t\t\t\t<div class=\"elementor-element elementor-element-f880ae9 elementor-widget elementor-widget-text-editor\" data-id=\"f880ae9\" data-element_type=\"widget\" data-e-type=\"widget\" data-widget_type=\"text-editor.default\">\n\t\t\t\t<div class=\"elementor-widget-container\">\n\t\t\t\t\t\t\t\t\t<p><strong>Fungi<\/strong><\/p>\t\t\t\t\t\t\t\t<\/div>\n\t\t\t\t<\/div>\n\t\t\t\t<\/div>\n\t\t\t\t\t<\/div>\n\t\t\t\t<\/div>\n\t\t\t\t<\/div>","protected":false},"excerpt":{"rendered":"<p>REAGENTES BIOL\u00d3GICOS DE ALTA PERFORMANCE PARA PRODU\u00c7\u00c3O DE BIOINSUMOS Somos do Agro para o Agro As Solu\u00e7\u00f5es MICROPRO oferecem tecnologia, assist\u00eancia e um conceito inovador mais pr\u00f3ximo aos seus clientes e parceiros. Nossa equipe \u00e9 totalmente capacitada, com experi\u00eancia em toda a cadeia de Bioinsumos. Mantemos parceria com pesquisadores p\u00fablicos e privados, e com empresas [&hellip;]<\/p>\n","protected":false},"author":1,"featured_media":0,"parent":0,"menu_order":0,"comment_status":"closed","ping_status":"closed","template":"","meta":{"site-sidebar-layout":"no-sidebar","site-content-layout":"page-builder","ast-site-content-layout":"full-width-container","site-content-style":"default","site-sidebar-style":"default","ast-global-header-display":"","ast-banner-title-visibility":"","ast-main-header-display":"","ast-hfb-above-header-display":"","ast-hfb-below-header-display":"","ast-hfb-mobile-header-display":"","site-post-title":"disabled","ast-breadcrumbs-content":"","ast-featured-img":"disabled","footer-sml-layout":"","ast-disable-related-posts":"","theme-transparent-header-meta":"default","adv-header-id-meta":"","stick-header-meta":"default","header-above-stick-meta":"","header-main-stick-meta":"","header-below-stick-meta":"","astra-migrate-meta-layouts":"set","ast-page-background-enabled":"default","ast-page-background-meta":{"desktop":{"background-color":"","background-image":"","background-repeat":"repeat","background-position":"center center","background-size":"auto","background-attachment":"scroll","background-type":"","background-media":"","overlay-type":"","overlay-color":"","overlay-opacity":"","overlay-gradient":""},"tablet":{"background-color":"","background-image":"","background-repeat":"repeat","background-position":"center center","background-size":"auto","background-attachment":"scroll","background-type":"","background-media":"","overlay-type":"","overlay-color":"","overlay-opacity":"","overlay-gradient":""},"mobile":{"background-color":"","background-image":"","background-repeat":"repeat","background-position":"center center","background-size":"auto","background-attachment":"scroll","background-type":"","background-media":"","overlay-type":"","overlay-color":"","overlay-opacity":"","overlay-gradient":""}},"ast-content-background-meta":{"desktop":{"background-color":"var(--ast-global-color-5)","background-image":"","background-repeat":"repeat","background-position":"center center","background-size":"auto","background-attachment":"scroll","background-type":"","background-media":"","overlay-type":"","overlay-color":"","overlay-opacity":"","overlay-gradient":""},"tablet":{"background-color":"var(--ast-global-color-5)","background-image":"","background-repeat":"repeat","background-position":"center center","background-size":"auto","background-attachment":"scroll","background-type":"","background-media":"","overlay-type":"","overlay-color":"","overlay-opacity":"","overlay-gradient":""},"mobile":{"background-color":"var(--ast-global-color-5)","background-image":"","background-repeat":"repeat","background-position":"center center","background-size":"auto","background-attachment":"scroll","background-type":"","background-media":"","overlay-type":"","overlay-color":"","overlay-opacity":"","overlay-gradient":""}},"footnotes":""},"class_list":["post-2051","page","type-page","status-publish","hentry"],"_links":{"self":[{"href":"https:\/\/innovar.com.br\/en\/wp-json\/wp\/v2\/pages\/2051","targetHints":{"allow":["GET"]}}],"collection":[{"href":"https:\/\/innovar.com.br\/en\/wp-json\/wp\/v2\/pages"}],"about":[{"href":"https:\/\/innovar.com.br\/en\/wp-json\/wp\/v2\/types\/page"}],"author":[{"embeddable":true,"href":"https:\/\/innovar.com.br\/en\/wp-json\/wp\/v2\/users\/1"}],"replies":[{"embeddable":true,"href":"https:\/\/innovar.com.br\/en\/wp-json\/wp\/v2\/comments?post=2051"}],"version-history":[{"count":35,"href":"https:\/\/innovar.com.br\/en\/wp-json\/wp\/v2\/pages\/2051\/revisions"}],"predecessor-version":[{"id":3117,"href":"https:\/\/innovar.com.br\/en\/wp-json\/wp\/v2\/pages\/2051\/revisions\/3117"}],"wp:attachment":[{"href":"https:\/\/innovar.com.br\/en\/wp-json\/wp\/v2\/media?parent=2051"}],"curies":[{"name":"wp","href":"https:\/\/api.w.org\/{rel}","templated":true}]}}