{"id":2051,"date":"2025-07-17T17:06:43","date_gmt":"2025-07-17T20:06:43","guid":{"rendered":"https:\/\/innovar.com.br\/?page_id=2051"},"modified":"2025-07-27T21:43:16","modified_gmt":"2025-07-28T00:43:16","slug":"micropro","status":"publish","type":"page","link":"https:\/\/innovar.com.br\/es\/micropro\/","title":{"rendered":"MicroPro"},"content":{"rendered":"<div data-elementor-type=\"wp-page\" data-elementor-id=\"2051\" class=\"elementor elementor-2051\">\n\t\t\t\t<div class=\"elementor-element elementor-element-9f00f09 e-flex e-con-boxed e-con e-parent\" data-id=\"9f00f09\" data-element_type=\"container\" data-e-type=\"container\" data-settings=\"{&quot;background_background&quot;:&quot;classic&quot;}\">\n\t\t\t\t\t<div class=\"e-con-inner\">\n\t\t\t\t<div class=\"elementor-element elementor-element-e7f7527 elementor-widget elementor-widget-heading\" data-id=\"e7f7527\" data-element_type=\"widget\" data-e-type=\"widget\" data-widget_type=\"heading.default\">\n\t\t\t\t<div class=\"elementor-widget-container\">\n\t\t\t\t\t<h2 class=\"elementor-heading-title elementor-size-default\">REACTIVOS BIOL\u00d3GICOS DE ALTO RENDIMIENTO PARA LA PRODUCCI\u00d3N DE BIOINSUMOS<\/h2>\t\t\t\t<\/div>\n\t\t\t\t<\/div>\n\t\t\t\t\t<\/div>\n\t\t\t\t<\/div>\n\t\t<div class=\"elementor-element elementor-element-3a3e794 e-flex e-con-boxed e-con e-parent\" data-id=\"3a3e794\" data-element_type=\"container\" data-e-type=\"container\">\n\t\t\t\t\t<div class=\"e-con-inner\">\n\t\t\t\t<div class=\"elementor-element elementor-element-4aa66a0 elementor-widget elementor-widget-text-editor\" data-id=\"4aa66a0\" data-element_type=\"widget\" data-e-type=\"widget\" data-widget_type=\"text-editor.default\">\n\t\t\t\t<div class=\"elementor-widget-container\">\n\t\t\t\t\t\t\t\t\t<h2 style=\"text-transform: none\">Somos de Agro para Agro<\/h2>\n<strong>Las soluciones MICROPRO ofrecen tecnolog\u00eda, asistencia y un concepto innovador m\u00e1s cerca de sus clientes y socios.<\/strong>\n\n<strong>Nuestro equipo est\u00e1 plenamente formado y cuenta con experiencia en toda la cadena de bioinsumos.<\/strong>\n\n<strong>Mantenemos asociaciones con investigadores p\u00fablicos y privados, y con empresas que comparten la misma visi\u00f3n empresarial en Brasil y en el extranjero.<\/strong>\t\t\t\t\t\t\t\t<\/div>\n\t\t\t\t<\/div>\n\t\t\t\t\t<\/div>\n\t\t\t\t<\/div>\n\t\t<div class=\"elementor-element elementor-element-3f94782 e-flex e-con-boxed e-con e-parent\" data-id=\"3f94782\" data-element_type=\"container\" data-e-type=\"container\">\n\t\t\t\t\t<div class=\"e-con-inner\">\n\t\t<div class=\"elementor-element elementor-element-599fae8 e-con-full e-flex e-con e-child\" data-id=\"599fae8\" data-element_type=\"container\" data-e-type=\"container\" data-settings=\"{&quot;background_background&quot;:&quot;classic&quot;}\">\n\t\t\t\t<\/div>\n\t\t<div class=\"elementor-element elementor-element-9ac44bf e-con-full e-flex e-con e-child\" data-id=\"9ac44bf\" data-element_type=\"container\" data-e-type=\"container\">\n\t\t\t\t<div class=\"elementor-element elementor-element-d5b24de elementor-widget elementor-widget-text-editor\" data-id=\"d5b24de\" data-element_type=\"widget\" data-e-type=\"widget\" data-widget_type=\"text-editor.default\">\n\t\t\t\t<div class=\"elementor-widget-container\">\n\t\t\t\t\t\t\t\t\t<h2 style=\"text-transform: none\">Nuestra propuesta<\/h2>\n<strong>Aumentar la bioseguridad y la calidad para el desarrollo y la producci\u00f3n de bioinsumos para uso propio -en la granja- en la agroindustria.<\/strong>\n\n<strong>Establecer una asociaci\u00f3n unificada con Asistencia Agron\u00f3mica + Bioproceso para la reducci\u00f3n gradual o consorcio con gesti\u00f3n qu\u00edmica, nutrici\u00f3n y defensa contra plagas y enfermedades. Promover la transferencia de know-how para procesos biotecnol\u00f3gicos y el suministro de reactivos de alto rendimiento, elaborados a partir de materias primas de alta calidad; con certificaci\u00f3n de grado \u201cGA\u201d, balanceados de acuerdo con las exigencias del mercado.<\/strong>\n<strong>con las necesidades de gesti\u00f3n del productor y sus agentes.<\/strong>\t\t\t\t\t\t\t\t<\/div>\n\t\t\t\t<\/div>\n\t\t\t\t<\/div>\n\t\t\t\t\t<\/div>\n\t\t\t\t<\/div>\n\t\t<div class=\"elementor-element elementor-element-71d12e9 e-flex e-con-boxed e-con e-parent\" data-id=\"71d12e9\" data-element_type=\"container\" data-e-type=\"container\">\n\t\t\t\t\t<div class=\"e-con-inner\">\n\t\t\t\t<div class=\"elementor-element elementor-element-ae19c83 elementor-widget elementor-widget-text-editor\" data-id=\"ae19c83\" data-element_type=\"widget\" data-e-type=\"widget\" data-widget_type=\"text-editor.default\">\n\t\t\t\t<div class=\"elementor-widget-container\">\n\t\t\t\t\t\t\t\t\t<h2 style=\"text-transform: none\">Medios de cultivo l\u00edquidos<\/h2>\n\u00b7 <strong>Mayor solubilidad<\/strong>\n<strong>- Esterilizaci\u00f3n sin radiaci\u00f3n<\/strong>\n<strong>- Mayor optimizaci\u00f3n de la dosificaci\u00f3n<\/strong>\n<strong>- Menor riesgo de contaminaci\u00f3n durante la manipulaci\u00f3n<\/strong>\n\nMedios de cultivo altamente t\u00e9cnicos, elaborados con una formulaci\u00f3n equilibrada y la proporci\u00f3n adecuada de carbono y nitr\u00f3geno, centrados en el crecimiento celular exponencial.\ncrecimiento. Su formulaci\u00f3n tiene grandes diferenciales: sus fuentes de carbono influyen directamente en la s\u00edntesis de diversos metabolitos de inter\u00e9s, biosurfactantes, antibi\u00f3ticos y complejos enzim\u00e1ticos.\n\nAsimismo, sus fuentes de nitr\u00f3geno org\u00e1nico act\u00faan directamente sobre el rendimiento del crecimiento de la biomasa fermentativa.\t\t\t\t\t\t\t\t<\/div>\n\t\t\t\t<\/div>\n\t\t\t\t\t<\/div>\n\t\t\t\t<\/div>\n\t\t<div class=\"elementor-element elementor-element-d233646 e-flex e-con-boxed e-con e-parent\" data-id=\"d233646\" data-element_type=\"container\" data-e-type=\"container\">\n\t\t\t\t\t<div class=\"e-con-inner\">\n\t\t<div class=\"elementor-element elementor-element-daa85c4 e-con-full e-flex e-con e-child\" data-id=\"daa85c4\" data-element_type=\"container\" data-e-type=\"container\">\n\t\t\t\t<div class=\"elementor-element elementor-element-5d2f6f3 elementor-widget elementor-widget-image\" data-id=\"5d2f6f3\" data-element_type=\"widget\" data-e-type=\"widget\" data-widget_type=\"image.default\">\n\t\t\t\t<div class=\"elementor-widget-container\">\n\t\t\t\t\t\t\t\t\t\t\t\t\t\t\t<img fetchpriority=\"high\" decoding=\"async\" width=\"768\" height=\"930\" src=\"https:\/\/innovar.com.br\/wp-content\/uploads\/2025\/07\/Balde-MicroPro-100-18L-768x930.webp\" class=\"attachment-medium_large size-medium_large wp-image-2732\" alt=\"Cubo MicroPro 100 (18L)\" srcset=\"https:\/\/innovar.com.br\/wp-content\/uploads\/2025\/07\/Balde-MicroPro-100-18L-768x930.webp 768w, https:\/\/innovar.com.br\/wp-content\/uploads\/2025\/07\/Balde-MicroPro-100-18L-248x300.webp 248w, https:\/\/innovar.com.br\/wp-content\/uploads\/2025\/07\/Balde-MicroPro-100-18L-846x1024.webp 846w, https:\/\/innovar.com.br\/wp-content\/uploads\/2025\/07\/Balde-MicroPro-100-18L-1269x1536.webp 1269w, https:\/\/innovar.com.br\/wp-content\/uploads\/2025\/07\/Balde-MicroPro-100-18L-10x12.webp 10w, https:\/\/innovar.com.br\/wp-content\/uploads\/2025\/07\/Balde-MicroPro-100-18L.webp 1385w\" sizes=\"(max-width: 768px) 100vw, 768px\" \/>\t\t\t\t\t\t\t\t\t\t\t\t\t\t\t<\/div>\n\t\t\t\t<\/div>\n\t\t\t\t<div class=\"elementor-element elementor-element-f95ae0e elementor-widget elementor-widget-text-editor\" data-id=\"f95ae0e\" data-element_type=\"widget\" data-e-type=\"widget\" data-widget_type=\"text-editor.default\">\n\t\t\t\t<div class=\"elementor-widget-container\">\n\t\t\t\t\t\t\t\t\t<p><strong>Bacterias grampositivas<\/strong><\/p>\t\t\t\t\t\t\t\t<\/div>\n\t\t\t\t<\/div>\n\t\t\t\t<\/div>\n\t\t<div class=\"elementor-element elementor-element-13ae043 e-con-full e-flex e-con e-child\" data-id=\"13ae043\" data-element_type=\"container\" data-e-type=\"container\">\n\t\t\t\t<div class=\"elementor-element elementor-element-8565bd7 elementor-widget elementor-widget-image\" data-id=\"8565bd7\" data-element_type=\"widget\" data-e-type=\"widget\" data-widget_type=\"image.default\">\n\t\t\t\t<div class=\"elementor-widget-container\">\n\t\t\t\t\t\t\t\t\t\t\t\t\t\t\t<img decoding=\"async\" width=\"768\" height=\"930\" src=\"https:\/\/innovar.com.br\/wp-content\/uploads\/2025\/07\/Balde-MicroPro-200-18L-768x930.webp\" class=\"attachment-medium_large size-medium_large wp-image-2740\" alt=\"Cubo MicroPro 200 (18L)\" srcset=\"https:\/\/innovar.com.br\/wp-content\/uploads\/2025\/07\/Balde-MicroPro-200-18L-768x930.webp 768w, https:\/\/innovar.com.br\/wp-content\/uploads\/2025\/07\/Balde-MicroPro-200-18L-248x300.webp 248w, https:\/\/innovar.com.br\/wp-content\/uploads\/2025\/07\/Balde-MicroPro-200-18L-846x1024.webp 846w, https:\/\/innovar.com.br\/wp-content\/uploads\/2025\/07\/Balde-MicroPro-200-18L-1269x1536.webp 1269w, https:\/\/innovar.com.br\/wp-content\/uploads\/2025\/07\/Balde-MicroPro-200-18L-10x12.webp 10w, https:\/\/innovar.com.br\/wp-content\/uploads\/2025\/07\/Balde-MicroPro-200-18L.webp 1385w\" sizes=\"(max-width: 768px) 100vw, 768px\" \/>\t\t\t\t\t\t\t\t\t\t\t\t\t\t\t<\/div>\n\t\t\t\t<\/div>\n\t\t\t\t<div class=\"elementor-element elementor-element-61d86a4 elementor-widget elementor-widget-text-editor\" data-id=\"61d86a4\" data-element_type=\"widget\" data-e-type=\"widget\" data-widget_type=\"text-editor.default\">\n\t\t\t\t<div class=\"elementor-widget-container\">\n\t\t\t\t\t\t\t\t\t<p><strong>BNF - Bacterias gramnegativas<\/strong><\/p>\t\t\t\t\t\t\t\t<\/div>\n\t\t\t\t<\/div>\n\t\t\t\t<\/div>\n\t\t<div class=\"elementor-element elementor-element-5e16052 e-con-full e-flex e-con e-child\" data-id=\"5e16052\" data-element_type=\"container\" data-e-type=\"container\">\n\t\t\t\t<div class=\"elementor-element elementor-element-b7ac8cb elementor-widget elementor-widget-image\" data-id=\"b7ac8cb\" data-element_type=\"widget\" data-e-type=\"widget\" data-widget_type=\"image.default\">\n\t\t\t\t<div class=\"elementor-widget-container\">\n\t\t\t\t\t\t\t\t\t\t\t\t\t\t\t<img decoding=\"async\" width=\"768\" height=\"930\" src=\"https:\/\/innovar.com.br\/wp-content\/uploads\/2025\/07\/Balde-MicroPro-500-18L-768x930.webp\" class=\"attachment-medium_large size-medium_large wp-image-2741\" alt=\"Cubo MicroPro 500 (18L)\" srcset=\"https:\/\/innovar.com.br\/wp-content\/uploads\/2025\/07\/Balde-MicroPro-500-18L-768x930.webp 768w, https:\/\/innovar.com.br\/wp-content\/uploads\/2025\/07\/Balde-MicroPro-500-18L-248x300.webp 248w, https:\/\/innovar.com.br\/wp-content\/uploads\/2025\/07\/Balde-MicroPro-500-18L-846x1024.webp 846w, https:\/\/innovar.com.br\/wp-content\/uploads\/2025\/07\/Balde-MicroPro-500-18L-1269x1536.webp 1269w, https:\/\/innovar.com.br\/wp-content\/uploads\/2025\/07\/Balde-MicroPro-500-18L-10x12.webp 10w, https:\/\/innovar.com.br\/wp-content\/uploads\/2025\/07\/Balde-MicroPro-500-18L.webp 1385w\" sizes=\"(max-width: 768px) 100vw, 768px\" \/>\t\t\t\t\t\t\t\t\t\t\t\t\t\t\t<\/div>\n\t\t\t\t<\/div>\n\t\t\t\t<div class=\"elementor-element elementor-element-7a07e48 elementor-widget elementor-widget-text-editor\" data-id=\"7a07e48\" data-element_type=\"widget\" data-e-type=\"widget\" data-widget_type=\"text-editor.default\">\n\t\t\t\t<div class=\"elementor-widget-container\">\n\t\t\t\t\t\t\t\t\t<p><strong>Bacterias espec\u00edficas<\/strong><\/p>\t\t\t\t\t\t\t\t<\/div>\n\t\t\t\t<\/div>\n\t\t\t\t<\/div>\n\t\t<div class=\"elementor-element elementor-element-50e6d23 e-con-full e-flex e-con e-child\" data-id=\"50e6d23\" data-element_type=\"container\" data-e-type=\"container\">\n\t\t\t\t<div class=\"elementor-element elementor-element-3175428 elementor-widget elementor-widget-image\" data-id=\"3175428\" data-element_type=\"widget\" data-e-type=\"widget\" data-widget_type=\"image.default\">\n\t\t\t\t<div class=\"elementor-widget-container\">\n\t\t\t\t\t\t\t\t\t\t\t\t\t\t\t<img loading=\"lazy\" decoding=\"async\" width=\"768\" height=\"930\" src=\"https:\/\/innovar.com.br\/wp-content\/uploads\/2025\/07\/Balde-MicroPro-600-18L-768x930.webp\" class=\"attachment-medium_large size-medium_large wp-image-2739\" alt=\"Cubo MicroPro 600 (18L)\" srcset=\"https:\/\/innovar.com.br\/wp-content\/uploads\/2025\/07\/Balde-MicroPro-600-18L-768x930.webp 768w, https:\/\/innovar.com.br\/wp-content\/uploads\/2025\/07\/Balde-MicroPro-600-18L-248x300.webp 248w, https:\/\/innovar.com.br\/wp-content\/uploads\/2025\/07\/Balde-MicroPro-600-18L-846x1024.webp 846w, https:\/\/innovar.com.br\/wp-content\/uploads\/2025\/07\/Balde-MicroPro-600-18L-1269x1536.webp 1269w, https:\/\/innovar.com.br\/wp-content\/uploads\/2025\/07\/Balde-MicroPro-600-18L-10x12.webp 10w, https:\/\/innovar.com.br\/wp-content\/uploads\/2025\/07\/Balde-MicroPro-600-18L.webp 1385w\" sizes=\"(max-width: 768px) 100vw, 768px\" \/>\t\t\t\t\t\t\t\t\t\t\t\t\t\t\t<\/div>\n\t\t\t\t<\/div>\n\t\t\t\t<div class=\"elementor-element elementor-element-f880ae9 elementor-widget elementor-widget-text-editor\" data-id=\"f880ae9\" data-element_type=\"widget\" data-e-type=\"widget\" data-widget_type=\"text-editor.default\">\n\t\t\t\t<div class=\"elementor-widget-container\">\n\t\t\t\t\t\t\t\t\t<p><strong>Hongos<\/strong><\/p>\t\t\t\t\t\t\t\t<\/div>\n\t\t\t\t<\/div>\n\t\t\t\t<\/div>\n\t\t\t\t\t<\/div>\n\t\t\t\t<\/div>\n\t\t\t\t<\/div>","protected":false},"excerpt":{"rendered":"<p>REAGENTES BIOL\u00d3GICOS DE ALTA PERFORMANCE PARA PRODU\u00c7\u00c3O DE BIOINSUMOS Somos do Agro para o Agro As Solu\u00e7\u00f5es MICROPRO oferecem tecnologia, assist\u00eancia e um conceito inovador mais pr\u00f3ximo aos seus clientes e parceiros. Nossa equipe \u00e9 totalmente capacitada, com experi\u00eancia em toda a cadeia de Bioinsumos. Mantemos parceria com pesquisadores p\u00fablicos e privados, e com empresas [&hellip;]<\/p>\n","protected":false},"author":1,"featured_media":0,"parent":0,"menu_order":0,"comment_status":"closed","ping_status":"closed","template":"","meta":{"site-sidebar-layout":"no-sidebar","site-content-layout":"page-builder","ast-site-content-layout":"full-width-container","site-content-style":"default","site-sidebar-style":"default","ast-global-header-display":"","ast-banner-title-visibility":"","ast-main-header-display":"","ast-hfb-above-header-display":"","ast-hfb-below-header-display":"","ast-hfb-mobile-header-display":"","site-post-title":"disabled","ast-breadcrumbs-content":"","ast-featured-img":"disabled","footer-sml-layout":"","ast-disable-related-posts":"","theme-transparent-header-meta":"default","adv-header-id-meta":"","stick-header-meta":"default","header-above-stick-meta":"","header-main-stick-meta":"","header-below-stick-meta":"","astra-migrate-meta-layouts":"set","ast-page-background-enabled":"default","ast-page-background-meta":{"desktop":{"background-color":"","background-image":"","background-repeat":"repeat","background-position":"center center","background-size":"auto","background-attachment":"scroll","background-type":"","background-media":"","overlay-type":"","overlay-color":"","overlay-opacity":"","overlay-gradient":""},"tablet":{"background-color":"","background-image":"","background-repeat":"repeat","background-position":"center center","background-size":"auto","background-attachment":"scroll","background-type":"","background-media":"","overlay-type":"","overlay-color":"","overlay-opacity":"","overlay-gradient":""},"mobile":{"background-color":"","background-image":"","background-repeat":"repeat","background-position":"center center","background-size":"auto","background-attachment":"scroll","background-type":"","background-media":"","overlay-type":"","overlay-color":"","overlay-opacity":"","overlay-gradient":""}},"ast-content-background-meta":{"desktop":{"background-color":"var(--ast-global-color-5)","background-image":"","background-repeat":"repeat","background-position":"center center","background-size":"auto","background-attachment":"scroll","background-type":"","background-media":"","overlay-type":"","overlay-color":"","overlay-opacity":"","overlay-gradient":""},"tablet":{"background-color":"var(--ast-global-color-5)","background-image":"","background-repeat":"repeat","background-position":"center center","background-size":"auto","background-attachment":"scroll","background-type":"","background-media":"","overlay-type":"","overlay-color":"","overlay-opacity":"","overlay-gradient":""},"mobile":{"background-color":"var(--ast-global-color-5)","background-image":"","background-repeat":"repeat","background-position":"center center","background-size":"auto","background-attachment":"scroll","background-type":"","background-media":"","overlay-type":"","overlay-color":"","overlay-opacity":"","overlay-gradient":""}},"footnotes":""},"class_list":["post-2051","page","type-page","status-publish","hentry"],"_links":{"self":[{"href":"https:\/\/innovar.com.br\/es\/wp-json\/wp\/v2\/pages\/2051","targetHints":{"allow":["GET"]}}],"collection":[{"href":"https:\/\/innovar.com.br\/es\/wp-json\/wp\/v2\/pages"}],"about":[{"href":"https:\/\/innovar.com.br\/es\/wp-json\/wp\/v2\/types\/page"}],"author":[{"embeddable":true,"href":"https:\/\/innovar.com.br\/es\/wp-json\/wp\/v2\/users\/1"}],"replies":[{"embeddable":true,"href":"https:\/\/innovar.com.br\/es\/wp-json\/wp\/v2\/comments?post=2051"}],"version-history":[{"count":35,"href":"https:\/\/innovar.com.br\/es\/wp-json\/wp\/v2\/pages\/2051\/revisions"}],"predecessor-version":[{"id":3117,"href":"https:\/\/innovar.com.br\/es\/wp-json\/wp\/v2\/pages\/2051\/revisions\/3117"}],"wp:attachment":[{"href":"https:\/\/innovar.com.br\/es\/wp-json\/wp\/v2\/media?parent=2051"}],"curies":[{"name":"wp","href":"https:\/\/api.w.org\/{rel}","templated":true}]}}