{"id":3,"date":"2025-07-05T16:19:44","date_gmt":"2025-07-05T19:19:44","guid":{"rendered":"https:\/\/innovar.com.br\/?page_id=3"},"modified":"2025-07-26T10:40:41","modified_gmt":"2025-07-26T13:40:41","slug":"politica-de-privacidad","status":"publish","type":"page","link":"https:\/\/innovar.com.br\/es\/politica-de-privacidade\/","title":{"rendered":"Pol\u00edtica de privacidad"},"content":{"rendered":"<h2>Pol\u00edtica de privacidad<\/h2>\n<p>Grupo Innovar respeta su privacidad y se compromete a proteger sus datos personales, de acuerdo con las directrices de la Ley General de Protecci\u00f3n de Datos (LGPD). Esta pol\u00edtica se aplica a todos los visitantes de nuestro sitio web, clientes, proveedores, empleados, candidatos y otros socios comerciales.<\/p>\n<h2>Tratamiento de datos personales<\/h2>\n<p>Recogemos y utilizamos sus datos personales s\u00f3lo cuando es necesario para:<\/p>\n<ul>\n<li>Respuesta a solicitudes a trav\u00e9s de formularios de contacto;<\/li>\n<li>Env\u00edo de comunicaciones institucionales, informativas y promocionales;<\/li>\n<li>Gesti\u00f3n de las relaciones comerciales y contractuales;<\/li>\n<li>Fines legales y reglamentarios;<\/li>\n<li>Mejora continua de la navegaci\u00f3n y la experiencia en nuestro sitio web.<\/li>\n<\/ul>\n<h2>\u00bfQu\u00e9 datos se recogen?<\/h2>\n<p>Cuando interact\u00faa con nuestro sitio web o nuestros canales, podemos recopilar:<\/p>\n<ul>\n<li>Nombre completo;<\/li>\n<li>Direcci\u00f3n de correo electr\u00f3nico;<\/li>\n<li>N\u00famero de tel\u00e9fono;<\/li>\n<li>Nombre de la empresa;<\/li>\n<li>Cargo;<\/li>\n<li>Ciudad\/estado\/pa\u00eds;<\/li>\n<li>Direcci\u00f3n IP, tipo de navegador, sistema operativo y p\u00e1ginas visitadas (a trav\u00e9s de cookies y herramientas como Google Analytics);<\/li>\n<li>CV y otra informaci\u00f3n profesional (si se env\u00eda a ofertas de empleo).<\/li>\n<\/ul>\n<h2>Finalidad del uso de los datos<\/h2>\n<p>Los datos recogidos pueden utilizarse para<\/p>\n<ul>\n<li>Responder a preguntas y solicitudes;<\/li>\n<li>Procesos comerciales y log\u00edsticos;<\/li>\n<li>Procesos de selecci\u00f3n;<\/li>\n<li>Env\u00edo de contenidos como boletines, invitaciones a eventos y material t\u00e9cnico;<\/li>\n<li>An\u00e1lisis estad\u00edstico y mejora del sitio;<\/li>\n<li>Cumplimiento de las obligaciones legales y reglamentarias.<\/li>\n<\/ul>\n<h2>Intercambio de datos<\/h2>\n<p>Grupo Innovar no vende, alquila ni comparte sus datos con terceros sin su consentimiento, excepto:<\/p>\n<ul>\n<li>Cuando sea necesario para cumplir obligaciones legales;<\/li>\n<li>Permitir la prestaci\u00f3n de servicios por parte de socios contratados que act\u00faan bajo un compromiso de confidencialidad y seguridad;<\/li>\n<li>En el caso de solicitudes de las autoridades p\u00fablicas, sobre una base legal.<\/li>\n<\/ul>\n<h2>Cookies y tecnolog\u00edas de seguimiento<\/h2>\n<p>Utilizamos cookies para optimizar la experiencia de navegaci\u00f3n y ofrecer contenidos m\u00e1s relevantes. Al acceder a nuestro sitio web, puede aceptar o rechazar el uso de cookies opcionales. Los tipos utilizados incluyen:<\/p>\n<ul>\n<li><strong>Cookies funcionales<\/strong>: esencial para el funcionamiento del sitio;<\/li>\n<li><strong>Cookies anal\u00edticas<\/strong>Lo m\u00e1s importante es comprender c\u00f3mo interact\u00faan los visitantes con el sitio.<\/li>\n<\/ul>\n<p>Utilizamos herramientas como Google Analytics, respetando las pr\u00e1cticas de la LGPD.<\/p>\n<h2>Env\u00edo de correos electr\u00f3nicos y boletines informativos<\/h2>\n<p>Cuando se registra para recibir correos electr\u00f3nicos o boletines informativos de Grupo Innovar, sus datos se utilizan exclusivamente para este fin. Puede darse de baja en cualquier momento haciendo clic en el enlace de baja disponible en todos nuestros correos electr\u00f3nicos o poni\u00e9ndose en contacto con nosotros en: <a href=\"mailto:contato@innovar.com.br\">contato@innovar.com.br<\/a>.<\/p>\n<h2>Formularios de contacto<\/h2>\n<p>La informaci\u00f3n que nos facilite a trav\u00e9s de los formularios de nuestro sitio web se utilizar\u00e1 exclusivamente para responder a su consulta y ponernos en contacto con nuestro equipo. Estos datos no se comparten fuera de la organizaci\u00f3n sin su consentimiento.<\/p>\n<h2>Almacenamiento de datos y seguridad<\/h2>\n<p>Sus datos se almacenan en entornos seguros, con tecnolog\u00edas y procesos adecuados para evitar accesos no autorizados, fugas o p\u00e9rdidas de informaci\u00f3n. Todas las comunicaciones est\u00e1n protegidas por certificados de seguridad SSL.<\/p>\n<h2>Sus derechos como interesado<\/h2>\n<p>Seg\u00fan la LGPD, puedes, en cualquier momento:<\/p>\n<ul>\n<li>Acceda a sus datos personales;<\/li>\n<li>Corrija los datos incorrectos u obsoletos;<\/li>\n<li>Solicitar la supresi\u00f3n de datos (cuando proceda);<\/li>\n<li>Solicitar la portabilidad de los datos;<\/li>\n<li>Revocar el consentimiento para el tratamiento de datos;<\/li>\n<li>Solicitar la limitaci\u00f3n del tratamiento o la oposici\u00f3n al uso de los datos.<\/li>\n<\/ul>\n<p>Para ejercer sus derechos, p\u00f3ngase en contacto con nuestro Responsable de Protecci\u00f3n de Datos (RPD) por correo electr\u00f3nico: <a href=\"mailto:contato@innovar.com.br\">contato@innovar.com.br<\/a>.<\/p>\n<h2>Tiempo de almacenamiento<\/h2>\n<p>Los datos personales se conservan durante el tiempo necesario para cumplir los fines para los que se recogieron, o seg\u00fan lo exijan las obligaciones legales, reglamentarias y contractuales.<\/p>\n<h2>Cambios en esta pol\u00edtica<\/h2>\n<p>Grupo Innovar puede actualizar esta Pol\u00edtica de Privacidad en cualquier momento para garantizar el cumplimiento de las leyes y normativas. Le recomendamos que visite esta p\u00e1gina con regularidad.<\/p>\n<p><strong>\u00daltima actualizaci\u00f3n:<\/strong> Julio de 2025<\/p>\n<h2>P\u00f3ngase en contacto con<\/h2>\n<p>Si tiene alguna pregunta, sugerencia o solicitud relacionada con la privacidad, p\u00f3ngase en contacto con<\/p>\n<ul>\n<li><strong>Grupo Innovar<\/strong><\/li>\n<li><strong>Correo electr\u00f3nico:<\/strong> <a href=\"mailto:contato@innovar.com.br\">contato@innovar.com.br<\/a><\/li>\n<li><strong>Tel\u00e9fono:<\/strong> +55 34 3311 0333<\/li>\n<li><strong>Direcci\u00f3n:<\/strong> Av. Francisco Podboy, 650 - Distrito Industrial 1, Uberaba - MG, CEP 38056-640 - Brasil<\/li>\n<\/ul>","protected":false},"excerpt":{"rendered":"<p>Pol\u00edtica de Privacidade O Grupo Innovar respeita a sua privacidade e est\u00e1 comprometido com a prote\u00e7\u00e3o dos seus dados pessoais, conforme as diretrizes da Lei Geral de Prote\u00e7\u00e3o de Dados (LGPD). Esta pol\u00edtica se aplica a todos os visitantes do nosso site, clientes, fornecedores, colaboradores, candidatos e demais parceiros de neg\u00f3cios. Tratamento dos Dados Pessoais [&hellip;]<\/p>\n","protected":false},"author":1,"featured_media":0,"parent":0,"menu_order":0,"comment_status":"closed","ping_status":"closed","template":"","meta":{"site-sidebar-layout":"default","site-content-layout":"","ast-site-content-layout":"default","site-content-style":"default","site-sidebar-style":"default","ast-global-header-display":"","ast-banner-title-visibility":"","ast-main-header-display":"","ast-hfb-above-header-display":"","ast-hfb-below-header-display":"","ast-hfb-mobile-header-display":"","site-post-title":"disabled","ast-breadcrumbs-content":"","ast-featured-img":"","footer-sml-layout":"","ast-disable-related-posts":"","theme-transparent-header-meta":"default","adv-header-id-meta":"","stick-header-meta":"default","header-above-stick-meta":"","header-main-stick-meta":"","header-below-stick-meta":"","astra-migrate-meta-layouts":"set","ast-page-background-enabled":"default","ast-page-background-meta":{"desktop":{"background-color":"","background-image":"","background-repeat":"repeat","background-position":"center center","background-size":"auto","background-attachment":"scroll","background-type":"","background-media":"","overlay-type":"","overlay-color":"","overlay-opacity":"","overlay-gradient":""},"tablet":{"background-color":"","background-image":"","background-repeat":"repeat","background-position":"center center","background-size":"auto","background-attachment":"scroll","background-type":"","background-media":"","overlay-type":"","overlay-color":"","overlay-opacity":"","overlay-gradient":""},"mobile":{"background-color":"","background-image":"","background-repeat":"repeat","background-position":"center center","background-size":"auto","background-attachment":"scroll","background-type":"","background-media":"","overlay-type":"","overlay-color":"","overlay-opacity":"","overlay-gradient":""}},"ast-content-background-meta":{"desktop":{"background-color":"var(--ast-global-color-5)","background-image":"","background-repeat":"repeat","background-position":"center center","background-size":"auto","background-attachment":"scroll","background-type":"","background-media":"","overlay-type":"","overlay-color":"","overlay-opacity":"","overlay-gradient":""},"tablet":{"background-color":"var(--ast-global-color-5)","background-image":"","background-repeat":"repeat","background-position":"center center","background-size":"auto","background-attachment":"scroll","background-type":"","background-media":"","overlay-type":"","overlay-color":"","overlay-opacity":"","overlay-gradient":""},"mobile":{"background-color":"var(--ast-global-color-5)","background-image":"","background-repeat":"repeat","background-position":"center center","background-size":"auto","background-attachment":"scroll","background-type":"","background-media":"","overlay-type":"","overlay-color":"","overlay-opacity":"","overlay-gradient":""}},"footnotes":""},"class_list":["post-3","page","type-page","status-publish","hentry"],"_links":{"self":[{"href":"https:\/\/innovar.com.br\/es\/wp-json\/wp\/v2\/pages\/3","targetHints":{"allow":["GET"]}}],"collection":[{"href":"https:\/\/innovar.com.br\/es\/wp-json\/wp\/v2\/pages"}],"about":[{"href":"https:\/\/innovar.com.br\/es\/wp-json\/wp\/v2\/types\/page"}],"author":[{"embeddable":true,"href":"https:\/\/innovar.com.br\/es\/wp-json\/wp\/v2\/users\/1"}],"replies":[{"embeddable":true,"href":"https:\/\/innovar.com.br\/es\/wp-json\/wp\/v2\/comments?post=3"}],"version-history":[{"count":6,"href":"https:\/\/innovar.com.br\/es\/wp-json\/wp\/v2\/pages\/3\/revisions"}],"predecessor-version":[{"id":2865,"href":"https:\/\/innovar.com.br\/es\/wp-json\/wp\/v2\/pages\/3\/revisions\/2865"}],"wp:attachment":[{"href":"https:\/\/innovar.com.br\/es\/wp-json\/wp\/v2\/media?parent=3"}],"curies":[{"name":"wp","href":"https:\/\/api.w.org\/{rel}","templated":true}]}}